
{"id":9590,"date":"2022-10-06T13:46:55","date_gmt":"2022-10-06T10:46:55","guid":{"rendered":"https:\/\/elsistema.gr\/?page_id=9590"},"modified":"2023-11-29T15:26:25","modified_gmt":"2023-11-29T13:26:25","slug":"el-sistema-greece-youth-orchestra","status":"publish","type":"page","link":"https:\/\/elsistema.gr\/en\/el-sistema-greece-youth-orchestra\/","title":{"rendered":"El Sistema Greece Youth Orchestra"},"content":{"rendered":"\t\t<div data-elementor-type=\"wp-page\" data-elementor-id=\"9590\" class=\"elementor elementor-9590 elementor-8310\">\n\t\t\t\t\t\t\t        <section class=\"elementor-section elementor-top-section elementor-element elementor-element-cee42c5 elementor-section-boxed elementor-section-height-default elementor-section-height-default ct-header-fixed-none ct-row-max-none\" data-id=\"cee42c5\" data-element_type=\"section\">\n            \n                        <div class=\"elementor-container elementor-column-gap-default \">\n                    <div class=\"elementor-column elementor-col-50 elementor-top-column elementor-element elementor-element-45e5e1b\" data-id=\"45e5e1b\" data-element_type=\"column\">\n            <div class=\"elementor-widget-wrap elementor-element-populated\">\n                        \t\t<div class=\"elementor-element elementor-element-d7d951d elementor-widget elementor-widget-text-editor\" data-id=\"d7d951d\" data-element_type=\"widget\" data-widget_type=\"text-editor.default\">\n\t\t\t\t<div class=\"elementor-widget-container\">\n\t\t\t<style>\/*! elementor - v3.17.0 - 25-10-2023 *\/\n.elementor-widget-text-editor.elementor-drop-cap-view-stacked .elementor-drop-cap{background-color:#69727d;color:#fff}.elementor-widget-text-editor.elementor-drop-cap-view-framed .elementor-drop-cap{color:#69727d;border:3px solid;background-color:transparent}.elementor-widget-text-editor:not(.elementor-drop-cap-view-default) .elementor-drop-cap{margin-top:8px}.elementor-widget-text-editor:not(.elementor-drop-cap-view-default) .elementor-drop-cap-letter{width:1em;height:1em}.elementor-widget-text-editor .elementor-drop-cap{float:left;text-align:center;line-height:1;font-size:50px}.elementor-widget-text-editor .elementor-drop-cap-letter{display:inline-block}<\/style>\t\t\t\t<p><strong>El Sistema Greece Youth Orchestra<\/strong> was founded in November 2017 and is an intercultural educational orchestra based on the principles and teaching practices of El Sistema Venezuela. The orchestra is open to musicians 8-26 years old who already play an instrument, regardless of their origin, language or religion, and rehearsals to date take place every Saturday from 16.00-19.00 at Malliaras School (Erechtheiou 6, Alimos), with free transportation of the musicians from three different points of Attica (Penteli, Syntagma, Piraeus) and Corinth.<\/p><p>The aim of the orchestra is to promote maximum social integration of all its members, to enhance safe and meaningful communication between young people from diverse social backgrounds and to provide high quality music education. Using music as a tool for expression and communication, El Sistema Greece Youth Orchestra has managed to unite young musicians from more than 30 different countries around the world. It is the only ESG orchestral ensemble that welcomes members not only from ESG students but also children and young people who are studying music in conservatories or music schools, further enhancing the diversity of the ensemble and facilitating access to it.<\/p><p>The orchestra is currently conducted by the talented conductor Kyriaki Kountouri. Through their participation in the ESGYO, the young musicians develop additional musical skills, thanks to the guidance of excellent teachers, prepare for their participation in professional orchestras, experience from a very young age the experience of participating in major concerts in the most important music venues of the country (Odeon of Herodus Atticus, SNFCC, Megaron &#8211; The Athens Concert Hall, Thessaloniki Concert Hall, etc. At the same time, thanks to the international connections of our organization, they collaborate with internationally renowned soloists and musical ensembles that often visit us (Joyce DiDonato, Il Pomo d&#8217;Oro, Ma\u00eetrise de Radio France, Sim\u00f3n Bol\u00edvar Trumpet Ensemble, Luxembourg Philharmonic Orchestra, etc.) and participate in music workshops and academies with great musicians and conductors in Greece and abroad. The orchestra usually performs 2 or 3 major concerts in full development (at Christmas at the SNFCC, in the summer in open theatres such as the Odeon of Herodus Atticus, and in the spring &#8211; usually in partnership with a major professional orchestra such as ERT) but members of the orchestra also form smaller ensembles for additional performances and participation in events of other institutions.<\/p>\t\t\t\t\t\t<\/div>\n\t\t\t\t<\/div>\n\t\t            <\/div>\n        <\/div>\n                <div class=\"elementor-column elementor-col-50 elementor-top-column elementor-element elementor-element-c6de416\" data-id=\"c6de416\" data-element_type=\"column\">\n            <div class=\"elementor-widget-wrap elementor-element-populated\">\n                        \t\t<div class=\"elementor-element elementor-element-5b52533 elementor-widget elementor-widget-video\" data-id=\"5b52533\" data-element_type=\"widget\" data-settings=\"{&quot;youtube_url&quot;:&quot;https:\\\/\\\/www.youtube.com\\\/watch?v=IZl9mr1kbx0&quot;,&quot;video_type&quot;:&quot;youtube&quot;,&quot;controls&quot;:&quot;yes&quot;}\" data-widget_type=\"video.default\">\n\t\t\t\t<div class=\"elementor-widget-container\">\n\t\t\t<style>\/*! elementor - v3.17.0 - 25-10-2023 *\/\n.elementor-widget-video .elementor-widget-container{overflow:hidden;transform:translateZ(0)}.elementor-widget-video .elementor-wrapper{aspect-ratio:var(--video-aspect-ratio)}.elementor-widget-video .elementor-wrapper iframe,.elementor-widget-video .elementor-wrapper video{height:100%;width:100%;display:flex;border:none;background-color:#000}@supports not (aspect-ratio:1\/1){.elementor-widget-video .elementor-wrapper{position:relative;overflow:hidden;height:0;padding-bottom:calc(100% \/ var(--video-aspect-ratio))}.elementor-widget-video .elementor-wrapper iframe,.elementor-widget-video .elementor-wrapper video{position:absolute;top:0;right:0;bottom:0;left:0}}.elementor-widget-video .elementor-open-inline .elementor-custom-embed-image-overlay{position:absolute;top:0;right:0;bottom:0;left:0;background-size:cover;background-position:50%}.elementor-widget-video .elementor-custom-embed-image-overlay{cursor:pointer;text-align:center}.elementor-widget-video .elementor-custom-embed-image-overlay:hover .elementor-custom-embed-play i{opacity:1}.elementor-widget-video .elementor-custom-embed-image-overlay img{display:block;width:100%;aspect-ratio:var(--video-aspect-ratio);-o-object-fit:cover;object-fit:cover;-o-object-position:center center;object-position:center center}@supports not (aspect-ratio:1\/1){.elementor-widget-video .elementor-custom-embed-image-overlay{position:relative;overflow:hidden;height:0;padding-bottom:calc(100% \/ var(--video-aspect-ratio))}.elementor-widget-video .elementor-custom-embed-image-overlay img{position:absolute;top:0;right:0;bottom:0;left:0}}.elementor-widget-video .e-hosted-video .elementor-video{-o-object-fit:cover;object-fit:cover}.e-con-inner>.elementor-widget-video,.e-con>.elementor-widget-video{width:var(--container-widget-width);--flex-grow:var(--container-widget-flex-grow)}<\/style>\t\t<div class=\"elementor-wrapper elementor-open-inline\">\n\t\t\t<div class=\"elementor-video\"><\/div>\t\t<\/div>\n\t\t\t\t<\/div>\n\t\t\t\t<\/div>\n\t\t            <\/div>\n        <\/div>\n                            <\/div>\n        <\/section>\n                <section class=\"elementor-section elementor-top-section elementor-element elementor-element-c664f4a elementor-section-boxed elementor-section-height-default elementor-section-height-default ct-header-fixed-none ct-row-max-none\" data-id=\"c664f4a\" data-element_type=\"section\">\n            \n                        <div class=\"elementor-container elementor-column-gap-default \">\n                    <div class=\"elementor-column elementor-col-50 elementor-top-column elementor-element elementor-element-6a923bb\" data-id=\"6a923bb\" data-element_type=\"column\">\n            <div class=\"elementor-widget-wrap elementor-element-populated\">\n                        \t\t<div class=\"elementor-element elementor-element-b587473 elementor-widget elementor-widget-heading\" data-id=\"b587473\" data-element_type=\"widget\" data-widget_type=\"heading.default\">\n\t\t\t\t<div class=\"elementor-widget-container\">\n\t\t\t<style>\/*! elementor - v3.17.0 - 25-10-2023 *\/\n.elementor-heading-title{padding:0;margin:0;line-height:1}.elementor-widget-heading .elementor-heading-title[class*=elementor-size-]>a{color:inherit;font-size:inherit;line-height:inherit}.elementor-widget-heading .elementor-heading-title.elementor-size-small{font-size:15px}.elementor-widget-heading .elementor-heading-title.elementor-size-medium{font-size:19px}.elementor-widget-heading .elementor-heading-title.elementor-size-large{font-size:29px}.elementor-widget-heading .elementor-heading-title.elementor-size-xl{font-size:39px}.elementor-widget-heading .elementor-heading-title.elementor-size-xxl{font-size:59px}<\/style><h2 class=\"elementor-heading-title elementor-size-default\">More information<\/h2>\t\t<\/div>\n\t\t\t\t<\/div>\n\t\t\t\t<div class=\"elementor-element elementor-element-3bce77f elementor-icon-list--layout-traditional elementor-list-item-link-full_width elementor-widget elementor-widget-icon-list\" data-id=\"3bce77f\" data-element_type=\"widget\" data-widget_type=\"icon-list.default\">\n\t\t\t\t<div class=\"elementor-widget-container\">\n\t\t\t<link rel=\"stylesheet\" href=\"https:\/\/elsistema.gr\/wp-content\/plugins\/elementor\/assets\/css\/widget-icon-list.min.css\">\t\t<ul class=\"elementor-icon-list-items\">\n\t\t\t\t\t\t\t<li class=\"elementor-icon-list-item\">\n\t\t\t\t\t\t\t\t\t\t\t<span class=\"elementor-icon-list-icon\">\n\t\t\t\t\t\t\t<i aria-hidden=\"true\" class=\"fas fa-clock\"><\/i>\t\t\t\t\t\t<\/span>\n\t\t\t\t\t\t\t\t\t\t<span class=\"elementor-icon-list-text\">Rehearsals every Saturday 16.00-19.00<\/span>\n\t\t\t\t\t\t\t\t\t<\/li>\n\t\t\t\t\t\t\t\t<li class=\"elementor-icon-list-item\">\n\t\t\t\t\t\t\t\t\t\t\t<span class=\"elementor-icon-list-icon\">\n\t\t\t\t\t\t\t<i aria-hidden=\"true\" class=\"flaticon flaticon-placeholder\"><\/i>\t\t\t\t\t\t<\/span>\n\t\t\t\t\t\t\t\t\t\t<span class=\"elementor-icon-list-text\">Malliaras School (Erectheiou 6, Alimos)<\/span>\n\t\t\t\t\t\t\t\t\t<\/li>\n\t\t\t\t\t\t\t\t<li class=\"elementor-icon-list-item\">\n\t\t\t\t\t\t\t\t\t\t\t<a href=\"mailto:lydia@elsistema.gr\">\n\n\t\t\t\t\t\t\t\t\t\t\t\t<span class=\"elementor-icon-list-icon\">\n\t\t\t\t\t\t\t<i aria-hidden=\"true\" class=\"material zmdi zmdi-email\"><\/i>\t\t\t\t\t\t<\/span>\n\t\t\t\t\t\t\t\t\t\t<span class=\"elementor-icon-list-text\">lydia@elsistema.gr<\/span>\n\t\t\t\t\t\t\t\t\t\t\t<\/a>\n\t\t\t\t\t\t\t\t\t<\/li>\n\t\t\t\t\t\t<\/ul>\n\t\t\t\t<\/div>\n\t\t\t\t<\/div>\n\t\t            <\/div>\n        <\/div>\n                <div class=\"elementor-column elementor-col-50 elementor-top-column elementor-element elementor-element-49b789e\" data-id=\"49b789e\" data-element_type=\"column\">\n            <div class=\"elementor-widget-wrap elementor-element-populated\">\n                        \t\t<div class=\"elementor-element elementor-element-541aa14 elementor-widget elementor-widget-image\" data-id=\"541aa14\" data-element_type=\"widget\" data-widget_type=\"image.default\">\n\t\t\t\t<div class=\"elementor-widget-container\">\n\t\t\t<style>\/*! elementor - v3.17.0 - 25-10-2023 *\/\n.elementor-widget-image{text-align:center}.elementor-widget-image a{display:inline-block}.elementor-widget-image a img[src$=\".svg\"]{width:48px}.elementor-widget-image img{vertical-align:middle;display:inline-block}<\/style>\t\t\t\t\t\t\t\t\t\t\t\t\t<a href=\"https:\/\/elsistema.gr\/wp-content\/uploads\/2023\/02\/ESGYO1.jpg\" data-elementor-open-lightbox=\"yes\" data-elementor-lightbox-title=\"ESGYO1\" data-e-action-hash=\"#elementor-action%3Aaction%3Dlightbox%26settings%3DeyJpZCI6OTUwOSwidXJsIjoiaHR0cHM6XC9cL2Vsc2lzdGVtYS5nclwvd3AtY29udGVudFwvdXBsb2Fkc1wvMjAyM1wvMDJcL0VTR1lPMS5qcGcifQ%3D%3D\">\n\t\t\t\t\t\t\t<img decoding=\"async\" width=\"300\" height=\"200\" src=\"https:\/\/elsistema.gr\/wp-content\/uploads\/2023\/02\/ESGYO1-300x200.jpg\" class=\"attachment-medium size-medium wp-image-9509\" alt=\"\" srcset=\"https:\/\/elsistema.gr\/wp-content\/uploads\/2023\/02\/ESGYO1-300x200.jpg 300w, https:\/\/elsistema.gr\/wp-content\/uploads\/2023\/02\/ESGYO1-1024x682.jpg 1024w, https:\/\/elsistema.gr\/wp-content\/uploads\/2023\/02\/ESGYO1-768x512.jpg 768w, https:\/\/elsistema.gr\/wp-content\/uploads\/2023\/02\/ESGYO1-1536x1024.jpg 1536w, https:\/\/elsistema.gr\/wp-content\/uploads\/2023\/02\/ESGYO1-600x400.jpg 600w, https:\/\/elsistema.gr\/wp-content\/uploads\/2023\/02\/ESGYO1.jpg 1685w\" sizes=\"(max-width: 300px) 100vw, 300px\" \/>\t\t\t\t\t\t\t\t<\/a>\n\t\t\t\t\t\t\t\t\t\t\t\t\t\t\t<\/div>\n\t\t\t\t<\/div>\n\t\t            <\/div>\n        <\/div>\n                            <\/div>\n        <\/section>\n                <section class=\"elementor-section elementor-top-section elementor-element elementor-element-6a50ed4 elementor-section-boxed elementor-section-height-default elementor-section-height-default ct-header-fixed-none ct-row-max-none\" data-id=\"6a50ed4\" data-element_type=\"section\">\n            \n                        <div class=\"elementor-container elementor-column-gap-extended \">\n                    <div class=\"elementor-column elementor-col-100 elementor-top-column elementor-element elementor-element-26c4891f\" data-id=\"26c4891f\" data-element_type=\"column\">\n            <div class=\"elementor-widget-wrap elementor-element-populated\">\n                        \t\t<div class=\"elementor-element elementor-element-6cbd01b9 elementor-widget elementor-widget-ct_clients_list\" data-id=\"6cbd01b9\" data-element_type=\"widget\" data-widget_type=\"ct_clients_list.default\">\n\t\t\t\t<div class=\"elementor-widget-container\">\n\t\t\t    <div class=\"ct-client1 ct-slick-slider style1\">\r\n        <div class=\"ct-clients-list-inner\">\r\n            <div class=\"ct-slick-carousel\" data-arrows=\"\" data-dots=\"\" data-pauseOnHover=\"\" data-autoplay=\"true\" data-autoplaySpeed=\"8000\" data-infinite=\"true\" data-speed=\"800\" data-colxs=\"2\" data-colsm=\"3\" data-colmd=\"4\" data-collg=\"4\" data-colxl=\"4\" data-dir=\"false\" data-slidesToScroll=\"1\">\r\n                                        <div class=\"slick-slide\">\r\n                            <div class=\"client-image wow zoomIn\">\r\n                                <a href=\"#\">\r\n                                    <img decoding=\"async\" width=\"169\" height=\"35\" src=\"https:\/\/elsistema.gr\/wp-content\/uploads\/2019\/11\/client-01.png\" class=\"ct-thumb-1 attachment-full\" alt=\"\" \/>                                                                    <\/a>\r\n                            <\/div>\r\n                        <\/div>\r\n                                                            <div class=\"slick-slide\">\r\n                            <div class=\"client-image wow zoomIn\">\r\n                                <a href=\"#\">\r\n                                    <img decoding=\"async\" width=\"143\" height=\"42\" src=\"https:\/\/elsistema.gr\/wp-content\/uploads\/2019\/11\/client-02.png\" class=\"ct-thumb-1 attachment-full\" alt=\"\" \/>                                                                    <\/a>\r\n                            <\/div>\r\n                        <\/div>\r\n                                                            <div class=\"slick-slide\">\r\n                            <div class=\"client-image wow zoomIn\">\r\n                                <a href=\"#\">\r\n                                    <img decoding=\"async\" width=\"166\" height=\"38\" src=\"https:\/\/elsistema.gr\/wp-content\/uploads\/2019\/11\/client-03.png\" class=\"ct-thumb-1 attachment-full\" alt=\"\" \/>                                                                    <\/a>\r\n                            <\/div>\r\n                        <\/div>\r\n                                                            <div class=\"slick-slide\">\r\n                            <div class=\"client-image wow zoomIn\">\r\n                                <a href=\"#\">\r\n                                    <img decoding=\"async\" width=\"170\" height=\"35\" src=\"https:\/\/elsistema.gr\/wp-content\/uploads\/2019\/11\/client-04.png\" class=\"ct-thumb-1 attachment-full\" alt=\"\" \/>                                                                    <\/a>\r\n                            <\/div>\r\n                        <\/div>\r\n                                                            <div class=\"slick-slide\">\r\n                            <div class=\"client-image wow zoomIn\">\r\n                                <a href=\"#\">\r\n                                    <img decoding=\"async\" width=\"196\" height=\"36\" src=\"https:\/\/elsistema.gr\/wp-content\/uploads\/2019\/12\/client-05.png\" class=\"ct-thumb-1 attachment-full\" alt=\"\" \/>                                                                    <\/a>\r\n                            <\/div>\r\n                        <\/div>\r\n                                                <\/div>\r\n        <\/div>\r\n    <\/div>\r\n\t\t<\/div>\n\t\t\t\t<\/div>\n\t\t            <\/div>\n        <\/div>\n                            <\/div>\n        <\/section>\n        \t\t\t\t\t<\/div>\n\t\t","protected":false},"excerpt":{"rendered":"<p>El Sistema Greece Youth Orchestra was founded in November 2017 and is an intercultural educational orchestra based on the principles and teaching practices of El Sistema Venezuela. The orchestra is open to musicians 8-26 years old who already play an instrument, regardless of their origin, language or religion, and rehearsals to date take place every [&hellip;]<\/p>\n","protected":false},"author":1,"featured_media":0,"parent":0,"menu_order":0,"comment_status":"closed","ping_status":"closed","template":"","meta":{"footnotes":""},"class_list":["post-9590","page","type-page","status-publish","hentry"],"_links":{"self":[{"href":"https:\/\/elsistema.gr\/en\/wp-json\/wp\/v2\/pages\/9590","targetHints":{"allow":["GET"]}}],"collection":[{"href":"https:\/\/elsistema.gr\/en\/wp-json\/wp\/v2\/pages"}],"about":[{"href":"https:\/\/elsistema.gr\/en\/wp-json\/wp\/v2\/types\/page"}],"author":[{"embeddable":true,"href":"https:\/\/elsistema.gr\/en\/wp-json\/wp\/v2\/users\/1"}],"replies":[{"embeddable":true,"href":"https:\/\/elsistema.gr\/en\/wp-json\/wp\/v2\/comments?post=9590"}],"version-history":[{"count":14,"href":"https:\/\/elsistema.gr\/en\/wp-json\/wp\/v2\/pages\/9590\/revisions"}],"predecessor-version":[{"id":10808,"href":"https:\/\/elsistema.gr\/en\/wp-json\/wp\/v2\/pages\/9590\/revisions\/10808"}],"wp:attachment":[{"href":"https:\/\/elsistema.gr\/en\/wp-json\/wp\/v2\/media?parent=9590"}],"curies":[{"name":"wp","href":"https:\/\/api.w.org\/{rel}","templated":true}]}}